{"id":1495,"date":"2022-02-16T08:54:03","date_gmt":"2022-02-16T07:54:03","guid":{"rendered":"http:\/\/liebeswerk.org.w019debd.kasserver.com\/strukturgelaende\/st-antoniusblatt\/"},"modified":"2022-10-25T17:17:25","modified_gmt":"2022-10-25T15:17:25","slug":"st-antoniusblatt","status":"publish","type":"page","link":"https:\/\/liebeswerk.org\/it\/strukturgelaende\/st-antoniusblatt\/","title":{"rendered":"St. Antoniusblatt"},"content":{"rendered":"[vc_row type=&#8221;in_container&#8221; full_screen_row_position=&#8221;middle&#8221; column_margin=&#8221;default&#8221; column_direction=&#8221;default&#8221; column_direction_tablet=&#8221;default&#8221; column_direction_phone=&#8221;default&#8221; scene_position=&#8221;center&#8221; text_color=&#8221;dark&#8221; text_align=&#8221;left&#8221; row_border_radius=&#8221;none&#8221; row_border_radius_applies=&#8221;bg&#8221; overflow=&#8221;visible&#8221; overlay_strength=&#8221;0.3&#8243; gradient_direction=&#8221;left_to_right&#8221; shape_divider_position=&#8221;bottom&#8221; bg_image_animation=&#8221;none&#8221;][vc_column column_padding=&#8221;no-extra-padding&#8221; column_padding_tablet=&#8221;inherit&#8221; column_padding_phone=&#8221;inherit&#8221; column_padding_position=&#8221;all&#8221; column_element_direction_desktop=&#8221;default&#8221; column_element_spacing=&#8221;default&#8221; desktop_text_alignment=&#8221;default&#8221; tablet_text_alignment=&#8221;default&#8221; phone_text_alignment=&#8221;default&#8221; background_color_opacity=&#8221;1&#8243; background_hover_color_opacity=&#8221;1&#8243; column_backdrop_filter=&#8221;none&#8221; column_shadow=&#8221;none&#8221; column_border_radius=&#8221;none&#8221; column_link_target=&#8221;_self&#8221; column_position=&#8221;default&#8221; gradient_direction=&#8221;left_to_right&#8221; overlay_strength=&#8221;0.3&#8243; width=&#8221;1\/1&#8243; tablet_width_inherit=&#8221;default&#8221; animation_type=&#8221;default&#8221; bg_image_animation=&#8221;none&#8221; border_type=&#8221;simple&#8221; column_border_width=&#8221;none&#8221; column_border_style=&#8221;solid&#8221;][vc_column_text]\n<h1>St. Antoniusblatt<\/h1>\n[\/vc_column_text][image_with_animation image_url=&#8221;804&#8243; image_size=&#8221;full&#8221; animation_type=&#8221;entrance&#8221; animation=&#8221;Fade In&#8221; animation_easing=&#8221;default&#8221; animation_movement_type=&#8221;transform_y&#8221; hover_animation=&#8221;none&#8221; alignment=&#8221;&#8221; border_radius=&#8221;none&#8221; box_shadow=&#8221;none&#8221; image_loading=&#8221;default&#8221; max_width=&#8221;100%&#8221; max_width_mobile=&#8221;default&#8221;][vc_column_text css=&#8221;.vc_custom_1666710884532{padding-top: 4% !important;padding-bottom: 2% !important;}&#8221;]Origine<\/p>\n<p>Il primo numero \u00e8 apparso nell&#8217;ottobre 1933<\/p>\n<p>Il &#8220;St. Antoniusblatt&#8221; \u00e8 nato in epoca fascista. Grazie alla capacit\u00e0 di negoziazione, i cappuccini riuscirono a ottenere dal governo di Roma il permesso di pubblicare una rivista tedesca. Tuttavia, il governo ha imposto tre condizioni:<\/p>\n<p>il frontespizio deve riportare anche il nome italiano: &#8220;Voce di San Antonio&#8221;.<br \/>\nAlmeno un articolo deve essere stampato in italiano.<br \/>\nLa rivista deve avere un effetto equilibratore tra i gruppi etnici.<\/p>\n<p>Il 1\u00b0 settembre 1933 il Provinciale dei Cappuccini padre Josaphat Wieser annunci\u00f2 la fondazione del St Antoniusblatt. Il primo numero di 22 pagine apparve il 1\u00b0 ottobre 1933. La rivista era l&#8217;organo del &#8220;Seraphisches Liebeswerk&#8221; e della &#8220;Comunit\u00e0 Terziaria Cappuccina&#8221;. L&#8217;abbonamento annuale era di 6 lire. La redazione si trovava nel convento dei Cappuccini di Bressanone&#8230;<\/p>\n<p>Il frontespizio non riportava inoltre la dicitura: &#8220;Voce di San Antonio&#8221;, n\u00e9 gli articoli erano scritti in italiano. La terza condizione posta dai fascisti era stata certamente rispettata. &#8220;La rivista deve avere un effetto equilibratore e calmante sulla popolazione&#8221;.<\/p>\n<p>Il carattere equilibrato della rivista caratterizza ancora oggi i suoi contenuti e gli abbonati apprezzano questa caratteristica di base.<br \/>\nCarriera<\/p>\n<p>Molti volontari hanno garantito la sopravvivenza di questa rivista. All&#8217;epoca la situazione finanziaria del Liebeswerk era precaria, non c&#8217;era alcun sostegno pubblico per la sua gestione e all&#8217;epoca il Liebeswerk viveva quasi esclusivamente di donazioni. La pubblicazione del &#8220;St. Antoniusblatt&#8221; era un grido di aiuto ben confezionato in termini di tecnologia dei media.<\/p>\n<p>I padri cappuccini hanno costruito con grande abilit\u00e0 una struttura di distribuzione. In ogni villaggio si \u00e8 cercata una persona che distribuisse gratuitamente la Gazzetta di Sant&#8217;Antonio, creando cos\u00ec una funzione di ponte tra l&#8217;Opera d&#8217;Amore e la sensibilizzazione dell&#8217;opinione pubblica. Questa interazione tra l&#8217;Opera dell&#8217;Amore e i distributori ha garantito la sopravvivenza del nuovo mensile.<\/p>\n<p>L&#8217;impegno dei redattori ha gradualmente portato questa rivista a un livello qualitativamente nuovo. Il contenuto religioso, originariamente ristretto, \u00e8 stato spezzato quasi inosservato. Contributi ben coordinati su un tema mensile hanno portato a un livello che ha conquistato una nicchia di opinione nella tavolozza dell&#8217;informazione mediatica del nostro Paese.<\/p>\n<p>Fino al 31 dicembre 2008, il St. Antoniusblatt \u00e8 sempre stato redatto da un sacerdote cappuccino. Padre Robert Prenner ha poi ceduto la direzione a Martin Lercher. Su sua iniziativa, il Mesnerbote fu integrato anche nel St. Antoniusblatt. Padre Robert Prenner \u00e8 ancora coinvolto nella progettazione dei temi. Dal 2019 la direzione \u00e8 stata assunta da Klaus Innerhofer.<\/p>\n<p>Un confronto con il primo numero e con il formato odierno rivela uno sviluppo in continua espansione. Molti benefattori, ma soprattutto gli sponsor, si sono adoperati per garantire la qualit\u00e0; i nuovi abbonati hanno anche permesso di rinnovare la scrittura e la presentazione.<\/p>\n<p>&nbsp;<\/p>\n<p>Persona di contatto per feedback, espressioni di opinione, donazioni, ecc:<br \/>\nSegretaria Monika Pichler<br \/>\n0473 204500<br \/>\nantoniusblatt@gmail.com[\/vc_column_text][vc_column_text css=&#8221;.vc_custom_1666710898234{padding-top: 2% !important;padding-bottom: 2% !important;}&#8221;][\/vc_column_text][vc_column_text css=&#8221;.vc_custom_1666710911841{padding-top: 2% !important;padding-bottom: 2% !important;}&#8221;][\/vc_column_text][vc_column_text css=&#8221;.vc_custom_1666711033004{padding-top: 2% !important;padding-bottom: 2% !important;}&#8221;]\n<h2>Archivio<\/h2>\n[divider line_type=&#8221;no-line&#8221; custom_height=&#8221;20&#8243;]\n<p style=\"font-weight: 400;\"><strong>Ausgaben 2020<\/strong><\/p>\n<p style=\"font-weight: 400;\">\u00a0<b><a href=\"http:\/\/102011.web.zcom.it\/images\/antoniusblatt\/2020\/Jaenner.pdf\">J\u00e4nner &#8211;\u00a0<\/a><\/b><b><a href=\"http:\/\/102011.web.zcom.it\/images\/antoniusblatt\/2020\/Februar.pdf\">Februar\u00a0<\/a><\/b>&#8211;\u00a0<b><a href=\"http:\/\/102011.web.zcom.it\/images\/antoniusblatt\/2020\/Maerz.pdf\">M\u00e4rz\u00a0<\/a><\/b>&#8211;\u00a0<b><a href=\"http:\/\/102011.web.zcom.it\/images\/antoniusblatt\/2020\/April.pdf\">April<\/a><\/b>\u00a0&#8211;\u00a0<b><a href=\"http:\/\/102011.web.zcom.it\/images\/antoniusblatt\/2020\/Mai.pdf\">Mai<\/a><\/b>\u00a0&#8211;\u00a0<b><a href=\"http:\/\/102011.web.zcom.it\/images\/antoniusblatt\/2020\/Juni.pdf\">Juni &#8211;\u00a0<\/a><\/b><b><a href=\"http:\/\/102011.web.zcom.it\/images\/antoniusblatt\/2020\/September.pdf\">September<\/a><\/b><\/p>\n[divider line_type=&#8221;no-line&#8221; custom_height=&#8221;20&#8243;]\n<p style=\"font-weight: 400;\"><strong>Ausgaben 2019:<\/strong><\/p>\n<p style=\"font-weight: 400;\"><b><a href=\"http:\/\/102011.web.zcom.it\/images\/antoniusblatt\/2019\/Jaenner.pdf\">J\u00e4nner &#8211;<\/a><\/b>\u00a0<b><a href=\"http:\/\/102011.web.zcom.it\/images\/antoniusblatt\/2019\/Februar.pdf\">Februar<\/a><\/b>\u00a0&#8211;\u00a0<b><a href=\"http:\/\/102011.web.zcom.it\/images\/antoniusblatt\/2019\/Maerz.pdf\">M\u00e4rz<\/a><\/b>\u00a0&#8211;\u00a0<b><a href=\"http:\/\/102011.web.zcom.it\/images\/antoniusblatt\/2019\/April.pdf\">April<\/a><\/b>\u00a0&#8211;\u00a0<b><a href=\"http:\/\/102011.web.zcom.it\/images\/antoniusblatt\/2019\/Mai.pdf\">Mai<\/a><\/b>\u00a0&#8211;\u00a0<b><a href=\"http:\/\/102011.web.zcom.it\/images\/antoniusblatt\/2019\/Juni.pdf\">Juni<\/a><\/b>\u00a0&#8211;\u00a0<b><a href=\"http:\/\/102011.web.zcom.it\/images\/antoniusblatt\/2019\/Juli-August.pdf\">Juli August<\/a><\/b>\u00a0&#8211;\u00a0<b><a href=\"http:\/\/102011.web.zcom.it\/images\/antoniusblatt\/2019\/September.pdf\">September<\/a><\/b>\u00a0&#8211;\u00a0<b><a href=\"http:\/\/102011.web.zcom.it\/images\/antoniusblatt\/2019\/Oktober.pdf\">Oktober<\/a> &#8211; <\/b><b><a href=\"http:\/\/102011.web.zcom.it\/images\/antoniusblatt\/2019\/November.pdf\">November\u00a0<\/a><\/b>&#8211;\u00a0<b><a href=\"http:\/\/102011.web.zcom.it\/images\/antoniusblatt\/2019\/Dezember.pdf\">Dezember<\/a><\/b><\/p>\n<p style=\"font-weight: 400;\">[divider line_type=&#8221;no-line&#8221; custom_height=&#8221;20&#8243;]\n<p style=\"font-weight: 400;\"><strong>Ausgaben 2018:<\/strong><\/p>\n<p style=\"font-weight: 400;\"><b><a href=\"http:\/\/102011.web.zcom.it\/images\/antoniusblatt\/2018\/Jaenner.pdf\">J\u00e4nner<\/a><\/b>\u00a0&#8211;<strong>\u00a0<b><a href=\"http:\/\/102011.web.zcom.it\/images\/antoniusblatt\/2018\/Februar.pdf\">Februar<\/a><\/b>\u00a0&#8211;\u00a0<b><a href=\"http:\/\/102011.web.zcom.it\/images\/antoniusblatt\/2018\/Maerz.pdf\">M\u00e4rz<\/a><\/b>\u00a0&#8211;\u00a0<b><a href=\"http:\/\/102011.web.zcom.it\/images\/antoniusblatt\/2018\/April.pdf\">Apri<\/a><\/b><\/strong>\u00a0&#8211;\u00a0<b><a href=\"http:\/\/102011.web.zcom.it\/images\/antoniusblatt\/2018\/Mai.pdf\">Mai<\/a><\/b>\u00a0&#8211;\u00a0<b><a href=\"http:\/\/102011.web.zcom.it\/images\/antoniusblatt\/2018\/Juni.pdf\">Juni<\/a><\/b>\u00a0&#8211;\u00a0<b><a href=\"http:\/\/102011.web.zcom.it\/images\/antoniusblatt\/2018\/Juli%20August.pdf\">Juli August\u00a0<\/a><\/b>&#8211;\u00a0<b><a href=\"http:\/\/102011.web.zcom.it\/images\/antoniusblatt\/2018\/September.pdf\">September<\/a><\/b>\u00a0&#8211;\u00a0<b><a href=\"http:\/\/102011.web.zcom.it\/images\/antoniusblatt\/2018\/Oktober.pdf\">Oktober<\/a><\/b>\u00a0&#8211;\u00a0<b><a href=\"http:\/\/102011.web.zcom.it\/images\/antoniusblatt\/2018\/November.pdf\">November<\/a><\/b>\u00a0&#8211;\u00a0<b><a href=\"http:\/\/102011.web.zcom.it\/images\/antoniusblatt\/2018\/Dezember.pdf\">Dezember<\/a><\/b><\/p>\n<p style=\"font-weight: 400;\">[divider line_type=&#8221;no-line&#8221; custom_height=&#8221;20&#8243;]\n<p style=\"font-weight: 400;\"><strong>Ausgaben 2017:<\/strong><\/p>\n<p style=\"font-weight: 400;\"><b><a href=\"http:\/\/102011.web.zcom.it\/images\/antoniusblatt\/2017\/Jaenner.pdf\">J\u00e4nner<\/a><\/b>\u00a0&#8211;\u00a0<b><a href=\"http:\/\/102011.web.zcom.it\/images\/antoniusblatt\/2017\/Februar.pdf\">Februar<\/a><\/b>\u00a0&#8211;\u00a0<b><a href=\"http:\/\/102011.web.zcom.it\/images\/antoniusblatt\/2017\/Maerz.pdf\">M\u00e4rz<\/a><\/b>\u00a0&#8211;\u00a0<b><a href=\"http:\/\/102011.web.zcom.it\/images\/antoniusblatt\/2017\/April.pdf\">April<\/a><\/b>\u00a0&#8211;\u00a0<b><a href=\"http:\/\/102011.web.zcom.it\/images\/antoniusblatt\/2017\/Mai.pdf\">Mai<\/a><\/b>\u00a0&#8211;\u00a0<b><a href=\"http:\/\/102011.web.zcom.it\/images\/antoniusblatt\/2017\/Juni.pdf\">Juni &#8211; Juli &#8211;\u00a0<\/a><\/b><b><a href=\"http:\/\/102011.web.zcom.it\/images\/antoniusblatt\/2017\/Juli-August.pdf\">Juli \/ August<\/a><\/b>\u00a0&#8211;\u00a0<b><a href=\"http:\/\/102011.web.zcom.it\/images\/antoniusblatt\/2017\/September.pdf\">September<\/a><\/b>\u00a0&#8211;\u00a0<b><a href=\"http:\/\/102011.web.zcom.it\/images\/antoniusblatt\/2017\/Oktober.pdf\">Oktober<\/a><\/b>\u00a0&#8211;\u00a0<b><a href=\"http:\/\/102011.web.zcom.it\/images\/antoniusblatt\/2017\/November.pdf\">November<\/a><\/b>\u00a0&#8211;\u00a0<b><a href=\"http:\/\/102011.web.zcom.it\/images\/antoniusblatt\/2017\/Dezember.pdf\">Dezember<\/a><\/b><\/p>\n<p style=\"font-weight: 400;\"><strong>[divider line_type=&#8221;no-line&#8221; custom_height=&#8221;20&#8243;]<\/strong><\/p>\n<p style=\"font-weight: 400;\"><strong>Ausgaben 2016:<\/strong><\/p>\n<p style=\"font-weight: 400;\">J\u00e4nner\u00a0&#8211;\u00a0<b><a href=\"http:\/\/102011.web.zcom.it\/images\/antoniusblatt\/2016\/Februar.pdf\">Februar<\/a><\/b>\u00a0&#8211;\u00a0<b><a href=\"http:\/\/102011.web.zcom.it\/images\/antoniusblatt\/2016\/Maerz.pdf\">M\u00e4rz<\/a><\/b>\u00a0&#8211;\u00a0<b><a href=\"http:\/\/102011.web.zcom.it\/images\/antoniusblatt\/2016\/April.pdf\">April<\/a><\/b>\u00a0&#8211;\u00a0<b><a href=\"http:\/\/102011.web.zcom.it\/images\/antoniusblatt\/2016\/Mai.pdf\">Mai<\/a><\/b>\u00a0&#8211;\u00a0<b><a href=\"http:\/\/102011.web.zcom.it\/images\/antoniusblatt\/2016\/Juni.pdf\">Juni<\/a><\/b>\u00a0&#8211;\u00a0<b><a href=\"http:\/\/102011.web.zcom.it\/images\/antoniusblatt\/2016\/Juli-August.pdf\">Juli \/ August<\/a><\/b>\u00a0&#8211;\u00a0<b><a href=\"http:\/\/102011.web.zcom.it\/images\/antoniusblatt\/2016\/September.pdf\">September<\/a><\/b>\u00a0&#8211;\u00a0<b><a href=\"http:\/\/102011.web.zcom.it\/images\/antoniusblatt\/2016\/Oktober.pdf\">Oktober<\/a><\/b>\u00a0&#8211;\u00a0<b><a href=\"http:\/\/102011.web.zcom.it\/images\/antoniusblatt\/2016\/November.pdf\">November<\/a><\/b>\u00a0&#8211;\u00a0<b><a href=\"http:\/\/102011.web.zcom.it\/images\/antoniusblatt\/2016\/Dezember.pdf\">Dezember<\/a><\/b><\/p>\n<p style=\"font-weight: 400;\"><strong>[divider line_type=&#8221;no-line&#8221; custom_height=&#8221;20&#8243;]<\/strong><\/p>\n<p style=\"font-weight: 400;\"><strong>Ausgaben 2015:<\/strong><\/p>\n<p style=\"font-weight: 400;\"><b><a href=\"http:\/\/102011.web.zcom.it\/antoniusblatt\/2015\/Jaenner%202015.pdf\">J\u00e4nner<\/a><\/b>\u00a0&#8211;\u00a0<b><a href=\"http:\/\/102011.web.zcom.it\/antoniusblatt\/2015\/Antoniusblatt_Februar.pdf\">Februar<\/a><\/b>\u00a0&#8211;\u00a0<b><a href=\"http:\/\/102011.web.zcom.it\/antoniusblatt\/2015\/Maerz.pdf\">M\u00e4rz<\/a><\/b>\u00a0&#8211;\u00a0<b><a href=\"http:\/\/102011.web.zcom.it\/antoniusblatt\/2015\/April.pdf\">April<\/a><\/b>\u00a0&#8211;\u00a0<b><a href=\"http:\/\/102011.web.zcom.it\/antoniusblatt\/2015\/Mai.pdf\">Mai<\/a><\/b>\u00a0&#8211;\u00a0<b><a href=\"http:\/\/102011.web.zcom.it\/images\/antoniusblatt\/2015\/Juni.pdf\">Juni<\/a><\/b>\u00a0&#8211;\u00a0<b><a href=\"http:\/\/102011.web.zcom.it\/images\/antoniusblatt\/2015\/Juli-August.pdf\">Juli \/ August<\/a><\/b>\u00a0&#8211;\u00a0<b><a href=\"http:\/\/102011.web.zcom.it\/images\/antoniusblatt\/2015\/September.pdf\">September<\/a><\/b>\u00a0&#8211;\u00a0<b><a href=\"http:\/\/102011.web.zcom.it\/images\/antoniusblatt\/2015\/Oktober.pdf\">Oktober<\/a><\/b>\u00a0&#8211;\u00a0<b><a href=\"http:\/\/102011.web.zcom.it\/images\/antoniusblatt\/2015\/November.pdf\">November<\/a><\/b>\u00a0&#8211;\u00a0<b><a href=\"http:\/\/102011.web.zcom.it\/images\/antoniusblatt\/2015\/Dezember.pdf\">Dezember<\/a><\/b><\/p>\n[\/vc_column_text][vc_column_text css=&#8221;.vc_custom_1645001132957{padding-top: 2% !important;padding-bottom: 2% !important;}&#8221;]\n<h2>Details<\/h2>\n<p><strong>Kosten<\/strong><\/p>\n<ul>\n<li>Ein Jahresabonnement kostet 20,00 \u20ac<\/li>\n<li>Ein Einzelabonnement kostet 1,70 \u20ac<\/li>\n<li>Ein Jahresabonnement durch Postzusendung: 22,00 \u20ac<\/li>\n<li>F\u00fcr Juli-August kommt eine Doppelnummer heraus<\/li>\n<\/ul>\n<p><strong>Information und Bestellungen<\/strong><br \/>\nMediumservice &#8220;Kapuzinerstiftung Liebeswerk&#8221;<br \/>\nGoethestr. 15<br \/>\n39012 Meran<br \/>\nTel. +39 0473 204 500, Sekret\u00e4rin Frau Monika Pichler<br \/>\nE-Mail:\u00a0<span id=\"cloak5b594080fd40ad9b22f18550d3c98be2\"><a href=\"mailto:antoniusblatt@gmail.com\">antoniusblatt@gmail.com<\/a><\/span>[\/vc_column_text][\/vc_column][\/vc_row]\n","protected":false},"excerpt":{"rendered":"<p>[vc_row type=&#8221;in_container&#8221; full_screen_row_position=&#8221;middle&#8221; column_margin=&#8221;default&#8221; column_direction=&#8221;default&#8221; column_direction_tablet=&#8221;default&#8221; column_direction_phone=&#8221;default&#8221; scene_position=&#8221;center&#8221; text_color=&#8221;dark&#8221; text_align=&#8221;left&#8221; row_border_radius=&#8221;none&#8221; row_border_radius_applies=&#8221;bg&#8221; overflow=&#8221;visible&#8221; overlay_strength=&#8221;0.3&#8243; gradient_direction=&#8221;left_to_right&#8221; shape_divider_position=&#8221;bottom&#8221; bg_image_animation=&#8221;none&#8221;][vc_column column_padding=&#8221;no-extra-padding&#8221; column_padding_tablet=&#8221;inherit&#8221; column_padding_phone=&#8221;inherit&#8221; column_padding_position=&#8221;all&#8221; column_element_direction_desktop=&#8221;default&#8221; column_element_spacing=&#8221;default&#8221; desktop_text_alignment=&#8221;default&#8221; tablet_text_alignment=&#8221;default&#8221; phone_text_alignment=&#8221;default&#8221; background_color_opacity=&#8221;1&#8243; background_hover_color_opacity=&#8221;1&#8243; column_backdrop_filter=&#8221;none&#8221; column_shadow=&#8221;none&#8221;&#8230;<\/p>\n","protected":false},"author":2,"featured_media":0,"parent":1487,"menu_order":2,"comment_status":"closed","ping_status":"closed","template":"","meta":{"footnotes":""},"class_list":["post-1495","page","type-page","status-publish"],"_links":{"self":[{"href":"https:\/\/liebeswerk.org\/it\/wp-json\/wp\/v2\/pages\/1495","targetHints":{"allow":["GET"]}}],"collection":[{"href":"https:\/\/liebeswerk.org\/it\/wp-json\/wp\/v2\/pages"}],"about":[{"href":"https:\/\/liebeswerk.org\/it\/wp-json\/wp\/v2\/types\/page"}],"author":[{"embeddable":true,"href":"https:\/\/liebeswerk.org\/it\/wp-json\/wp\/v2\/users\/2"}],"replies":[{"embeddable":true,"href":"https:\/\/liebeswerk.org\/it\/wp-json\/wp\/v2\/comments?post=1495"}],"version-history":[{"count":0,"href":"https:\/\/liebeswerk.org\/it\/wp-json\/wp\/v2\/pages\/1495\/revisions"}],"up":[{"embeddable":true,"href":"https:\/\/liebeswerk.org\/it\/wp-json\/wp\/v2\/pages\/1487"}],"wp:attachment":[{"href":"https:\/\/liebeswerk.org\/it\/wp-json\/wp\/v2\/media?parent=1495"}],"curies":[{"name":"wp","href":"https:\/\/api.w.org\/{rel}","templated":true}]}}