{"id":1480,"date":"2022-02-16T11:24:19","date_gmt":"2022-02-16T10:24:19","guid":{"rendered":"http:\/\/liebeswerk.org.w019debd.kasserver.com\/transparente-verwaltung\/"},"modified":"2022-10-25T17:52:56","modified_gmt":"2022-10-25T15:52:56","slug":"transparente-verwaltung","status":"publish","type":"page","link":"https:\/\/liebeswerk.org\/it\/transparente-verwaltung\/","title":{"rendered":"Amministrazione trasparente"},"content":{"rendered":"[vc_row type=&#8221;in_container&#8221; full_screen_row_position=&#8221;middle&#8221; column_margin=&#8221;default&#8221; column_direction=&#8221;default&#8221; column_direction_tablet=&#8221;default&#8221; column_direction_phone=&#8221;default&#8221; scene_position=&#8221;center&#8221; top_padding=&#8221;3%&#8221; bottom_padding=&#8221;3%&#8221; text_color=&#8221;dark&#8221; text_align=&#8221;left&#8221; row_border_radius=&#8221;none&#8221; row_border_radius_applies=&#8221;bg&#8221; overflow=&#8221;visible&#8221; advanced_gradient_angle=&#8221;0&#8243; overlay_strength=&#8221;0.3&#8243; gradient_direction=&#8221;left_to_right&#8221; shape_divider_position=&#8221;bottom&#8221; bg_image_animation=&#8221;none&#8221; gradient_type=&#8221;default&#8221; shape_type=&#8221;&#8221;][vc_column column_padding=&#8221;no-extra-padding&#8221; column_padding_tablet=&#8221;inherit&#8221; column_padding_phone=&#8221;inherit&#8221; column_padding_position=&#8221;all&#8221; column_element_direction_desktop=&#8221;default&#8221; column_element_spacing=&#8221;default&#8221; desktop_text_alignment=&#8221;default&#8221; tablet_text_alignment=&#8221;default&#8221; phone_text_alignment=&#8221;default&#8221; background_color_opacity=&#8221;1&#8243; background_hover_color_opacity=&#8221;1&#8243; column_backdrop_filter=&#8221;none&#8221; column_shadow=&#8221;none&#8221; column_border_radius=&#8221;none&#8221; column_link_target=&#8221;_self&#8221; column_position=&#8221;default&#8221; gradient_direction=&#8221;left_to_right&#8221; overlay_strength=&#8221;0.3&#8243; width=&#8221;1\/1&#8243; tablet_width_inherit=&#8221;default&#8221; animation_type=&#8221;default&#8221; bg_image_animation=&#8221;none&#8221; border_type=&#8221;simple&#8221; column_border_width=&#8221;none&#8221; column_border_style=&#8221;solid&#8221;][vc_column_text]\n<h2>Transparente Verwaltung \/ Amministrazione transparente \/ transparent administration<\/h2>\n[\/vc_column_text][vc_column_text]<strong>Contributi <\/strong><strong>2021<\/strong><strong>:<\/strong><\/p>\n<p>Alle gelisteten Beitr\u00e4ge wurden der Kapuzinerstiftung Liebeswerk \u2013 MwSt. und Steuernummer: 02382970214 gew\u00e4hrt<br \/>\nAutonome Provinz Bozen \u2013 Amt f\u00fcr Schulf\u00f6rderung 168.550,00 \u20ac \u2013 Zweck: F\u00fchrung Sch\u00fclerInnenheim \u2013 1. Rate \u00fcber 33.603,60 \u20ac am 26.04.2021 erhalten; 2. Rate \u00fcber 101.236,40 \u20ac am 13.09.2021 erhalten; 3. Rate \u00fcber 33.710,00 \u20ac am 05.04.2022 erhalten;<br \/>\nAutonome Provinz Bozen \u2013 Amt f\u00fcr Kinder \u2013 und Jugendschutz und soziale Inklusion 29.161,00 \u20ac \u2013 Zweck: Initiativen f\u00fcr Kinder u. Jugendliche \u2013 1. Rate \u00fcber 21.000,00 \u20ac am 23.02.2021 erhalten; 2. Rate \u00fcber 8.161,00 \u20ac noch zu erhalten;<br \/>\nAutonome Provinz Bozen &#8211; Amt f\u00fcr Kinder \u2013 und Jugendschutz und soziale Inklusion 10.138,25 \u20ac \u2013 Zweck: Investitionsausgaben Wohn- und Tagesgruppe \u2013 1. Rate \u00fcber 5.069,13 \u20ac am 18.06.2021 erhalten; 2. Rate \u00fcber 5.069,12 \u20ac noch zu erhalten;<br \/>\nAutonome Provinz Bozen \u2013 Familienagentur 111.049,64\u20ac \u2013 Zweck: Sommerbetreuung Kinder u. Jugendliche \u2013 1. Rate \u00fcber 88.839,71 \u20ac am 09.02.2022 erhalten; 2. Rate \u00fcber 22.209,93 \u20ac noch zu erhalten;<\/p>\n<p><strong>Contributi <\/strong><strong>2020<\/strong><strong>:<\/strong><\/p>\n<p>Alle gelisteten Beitr\u00e4ge wurden der Kapuzinerstiftung Liebeswerk &#8211; MwSt und Steuernummer: 02382970214 gew\u00e4hrt<\/p>\n<p>Autonome Provinz Bozen &#8211; Amt f\u00fcr Schulf\u00f6rderung 168.018,00 \u20ac\u00a0 &#8211; Zweck: F\u00fchrung Sch\u00fclerInnenheim &#8211; 1. Rate \u00fcber 103.635,00 \u20ac am 02.03.2020 erhalten; 2. Rate \u00fcber 30.779,40 \u20ac am 20.07.2020 erhalten; 3. Rate \u00fcber 11.259,66 \u20ac am 18.05.2021 erhalten; 22.343,94 \u20ac werden nicht mehr ausbezahlt;<\/p>\n<p>Autonome Provinz Bozen &#8211; Amt f\u00fcr Schulf\u00f6rderung 18.706,50 \u20ac\u00a0 &#8211;\u00a0 erg\u00e4nzender Beitrag Zweck: \u00a0F\u00fchrung Sch\u00fclerInnenheim &#8211; 1. Rate \u00fcber 18.706,50 \u20ac am 18.05.2021erhalten;<\/p>\n<p>Autonome Provinz Bozen &#8211; Amt f\u00fcr Kinder &#8211; und Jugendschutz und soziale Inklusion 30.000,00 \u20ac &#8211; Zweck: Initiativen f\u00fcr Kinder u. Jugendliche &#8211; 1. Rate \u00fcber 21.000,00 \u20ac am 12.03.2020 erhalten; 2. Rate \u00fcber 9.000,00 \u20ac noch zu erhalten;<\/p>\n<p>Autonome Provinz Bozen &#8211; Familienagentur 129.323,00 \u20ac &#8211; Zweck: Sommerbetreuung Kinder u. Jugendliche &#8211; 1. Rate \u00fcber 64.661,50 \u20ac am 17.08.2020 erhalten; 2. Rate \u00fcber 64.661,50 \u20ac noch zu erhalten;<\/p>\n<p>Gemeinde Meran \u2013 Amt f\u00fcr Sozialwesen 20.000,00 \u20ac &#8211; Zweck: Covid 19 Begleitung f\u00fcr Kinder und Jugendliche der sozialp\u00e4dagogischen Wohngemeinschaft \u2013 1. Rate \u00fcber 20.000,00 \u20ac am 23.04.2021 erhalten;<\/p>\n<p><strong>Contributi <\/strong><strong>2019<\/strong><strong>:\u00a0<\/strong><\/p>\n<p>Alle gelisteten Beitr\u00e4ge wurden der Kapuzinerstiftung Liebeswerk &#8211; MwSt und Steuernummer: 02382970214 gew\u00e4hrt<\/p>\n<p>Autonome Provinz Bozen &#8211; Amt f\u00fcr Schulf\u00f6rderung 207.270,00 \u20ac &#8211; Zweck: \u00a0F\u00fchrung Sch\u00fclerheim &#8211; 1. Rate \u00fcber 65.488,50 \u20ac am 12.03.2019 erhalten; 2. Rate \u00fcber 100.327,50 \u20ac am 25.07.2019 erhalten; 3. Rate \u00fcber 41.454,00 \u20ac noch zu erhalten;<\/p>\n<p>Autonome Provinz Bozen &#8211; Amt f\u00fcr Kinder &#8211; und Jugendschutz und soziale Inklusion 30.000,00 \u20ac &#8211; Zweck: Initiativen f\u00fcr Kinder u. Jugendliche &#8211; 1. Rate \u00fcber 21.000,00 \u20ac am 11.02.2019 erhalten; 2. Rate \u00fcber 9.000,00 \u20ac noch zu erhalten;<\/p>\n<p>Autonome Provinz Bozen &#8211; Familienagentur 125.988,00 \u20ac &#8211; Zweck: Sommerbetreuung Kinder u. Jugendliche &#8211; 1. Rate \u00fcber 62.994,00 \u20ac am 02.07.2019 erhalten; 2. Rate \u00fcber 62.994,00 \u20ac am 09.12.2019 erhalten;<\/p>\n<p><strong>Contributi 2018:\u00a0\u00a0\u00a0<\/strong><\/p>\n<p>Alle gelisteten Beitr\u00e4ge wurden der Kapuzinerstiftung Liebeswerk &#8211; MwSt und Steuernummer: 02382970214 gew\u00e4hrt<\/p>\n<p>Autonome Provinz Bozen &#8211; Amt f\u00fcr Schulf\u00f6rderung 130.977,00 \u20ac &#8211; Zweck: \u00a0F\u00fchrung Sch\u00fclerheim &#8211; 1. Rate \u00fcber 32.292,00 \u20ac am 02.03.2018 erhalten; 2. Rate \u00fcber 74.489,60 \u20ac am 18.05.2018 erhalten; 3. Rate \u00fcber 26.195,40 \u20ac am 12.07.2019 erhalten;<\/p>\n<p>Autonome Provinz Bozen &#8211; Amt f\u00fcr Kinder &#8211; und Jugendschutz und soziale Inklusion 30.000,00 \u20ac &#8211; Zweck: Initiativen f\u00fcr Kinder u. Jugendliche &#8211; 1. Rate \u00fcber 21.000,00 \u20ac am 27.02.2018 erhalten; 2. Rate \u00fcber 8.876,69 \u20ac am 16.09.2019 erhalten; 123,31 \u20ac nicht ausbezahlt;<\/p>\n<p>Autonome Provinz Bozen &#8211; Familienagentur 119.320,00 \u20ac &#8211; Zweck: Sommerbetreuung Kinder u. Jugendliche &#8211; 1. Rate \u00fcber 59.660,00 \u20ac am 07.08.2018 erhalten; 2. Rate \u00fcber 59.660,00 \u20ac am 12.12.2018 erhalten;[\/vc_column_text][\/vc_column][\/vc_row]\n","protected":false},"excerpt":{"rendered":"<p>[vc_row type=&#8221;in_container&#8221; full_screen_row_position=&#8221;middle&#8221; column_margin=&#8221;default&#8221; column_direction=&#8221;default&#8221; column_direction_tablet=&#8221;default&#8221; column_direction_phone=&#8221;default&#8221; scene_position=&#8221;center&#8221; top_padding=&#8221;3%&#8221; bottom_padding=&#8221;3%&#8221; text_color=&#8221;dark&#8221; text_align=&#8221;left&#8221; row_border_radius=&#8221;none&#8221; row_border_radius_applies=&#8221;bg&#8221; overflow=&#8221;visible&#8221; advanced_gradient_angle=&#8221;0&#8243; overlay_strength=&#8221;0.3&#8243; gradient_direction=&#8221;left_to_right&#8221; shape_divider_position=&#8221;bottom&#8221; bg_image_animation=&#8221;none&#8221; gradient_type=&#8221;default&#8221; shape_type=&#8221;&#8221;][vc_column column_padding=&#8221;no-extra-padding&#8221; column_padding_tablet=&#8221;inherit&#8221; column_padding_phone=&#8221;inherit&#8221; column_padding_position=&#8221;all&#8221; column_element_direction_desktop=&#8221;default&#8221; column_element_spacing=&#8221;default&#8221; desktop_text_alignment=&#8221;default&#8221; tablet_text_alignment=&#8221;default&#8221;&#8230;<\/p>\n","protected":false},"author":2,"featured_media":0,"parent":0,"menu_order":11,"comment_status":"closed","ping_status":"closed","template":"","meta":{"footnotes":""},"class_list":["post-1480","page","type-page","status-publish"],"_links":{"self":[{"href":"https:\/\/liebeswerk.org\/it\/wp-json\/wp\/v2\/pages\/1480","targetHints":{"allow":["GET"]}}],"collection":[{"href":"https:\/\/liebeswerk.org\/it\/wp-json\/wp\/v2\/pages"}],"about":[{"href":"https:\/\/liebeswerk.org\/it\/wp-json\/wp\/v2\/types\/page"}],"author":[{"embeddable":true,"href":"https:\/\/liebeswerk.org\/it\/wp-json\/wp\/v2\/users\/2"}],"replies":[{"embeddable":true,"href":"https:\/\/liebeswerk.org\/it\/wp-json\/wp\/v2\/comments?post=1480"}],"version-history":[{"count":0,"href":"https:\/\/liebeswerk.org\/it\/wp-json\/wp\/v2\/pages\/1480\/revisions"}],"wp:attachment":[{"href":"https:\/\/liebeswerk.org\/it\/wp-json\/wp\/v2\/media?parent=1480"}],"curies":[{"name":"wp","href":"https:\/\/api.w.org\/{rel}","templated":true}]}}