{"id":1479,"date":"2022-02-16T11:38:56","date_gmt":"2022-02-16T10:38:56","guid":{"rendered":"http:\/\/liebeswerk.org.w019debd.kasserver.com\/jobs\/"},"modified":"2026-04-23T15:59:39","modified_gmt":"2026-04-23T13:59:39","slug":"jobs","status":"publish","type":"page","link":"https:\/\/liebeswerk.org\/it\/jobs\/","title":{"rendered":"Offerte di lavoro"},"content":{"rendered":"[vc_row type=&#8221;in_container&#8221; full_screen_row_position=&#8221;middle&#8221; column_margin=&#8221;default&#8221; column_direction=&#8221;default&#8221; column_direction_tablet=&#8221;default&#8221; column_direction_phone=&#8221;default&#8221; scene_position=&#8221;center&#8221; top_padding=&#8221;3%&#8221; bottom_padding=&#8221;3%&#8221; text_color=&#8221;dark&#8221; text_align=&#8221;left&#8221; row_border_radius=&#8221;none&#8221; row_border_radius_applies=&#8221;bg&#8221; row_position_desktop=&#8221;default&#8221; row_position_tablet=&#8221;inherit&#8221; row_position_phone=&#8221;inherit&#8221; overflow=&#8221;visible&#8221; advanced_gradient_angle=&#8221;0&#8243; overlay_strength=&#8221;0.3&#8243; gradient_direction=&#8221;left_to_right&#8221; shape_divider_position=&#8221;bottom&#8221; bg_image_animation=&#8221;none&#8221; gradient_type=&#8221;default&#8221; shape_type=&#8221;&#8221;][vc_column column_padding=&#8221;no-extra-padding&#8221; column_padding_tablet=&#8221;inherit&#8221; column_padding_phone=&#8221;inherit&#8221; column_padding_position=&#8221;all&#8221; flex_gap_desktop=&#8221;10px&#8221; column_element_direction_desktop=&#8221;default&#8221; column_element_spacing=&#8221;default&#8221; desktop_text_alignment=&#8221;default&#8221; tablet_text_alignment=&#8221;default&#8221; phone_text_alignment=&#8221;default&#8221; background_color_opacity=&#8221;1&#8243; background_hover_color_opacity=&#8221;1&#8243; column_backdrop_filter=&#8221;none&#8221; column_shadow=&#8221;none&#8221; column_border_radius=&#8221;none&#8221; column_link_target=&#8221;_self&#8221; column_position=&#8221;default&#8221; gradient_direction=&#8221;left_to_right&#8221; overlay_strength=&#8221;0.3&#8243; width=&#8221;1\/1&#8243; tablet_width_inherit=&#8221;default&#8221; animation_type=&#8221;default&#8221; bg_image_animation=&#8221;none&#8221; border_type=&#8221;simple&#8221; column_border_width=&#8221;none&#8221; column_border_style=&#8221;solid&#8221;][vc_column_text]\n<h1 class=\"p1\"><span class=\"s1\">Offerte di lavoro<br \/>\n<\/span><\/h1>\n[\/vc_column_text][divider line_type=&#8221;No Line&#8221; custom_height=&#8221;20&#8243;][vc_column_text css=&#8221;&#8221; text_direction=&#8221;default&#8221;]22.04.2026<\/p>\n<p><strong>Si cerca cuoco\/cuoca per la nostra mensa scolastica con contratto annuale<\/strong> \u2013 con inizio immediato o da concordare. Inviare la candidatura con curriculum vitae a: direktor@liebeswerk.org<\/p>\n<p>&#8212;&#8212;&#8212;&#8212;&#8212;&#8212;&#8212;&#8212;&#8212;&#8212;-<\/p>\n<p>Cerchiamo anche studenti (f\/m) o pensionati (f\/m) per la comunit\u00e0 residenziale socio-educativa per 2 mansioni notturne &#8220;passive&#8221; a settimana tra luned\u00ec e venerd\u00ec o anche nel fine settimana. Durante il servizio notturno, il supervisore pu\u00f2 dormire. I requisiti sono una laurea in pedagogia sociale, lavoro sociale, pedagogia, scienze dell&#8217;educazione, scienze dell&#8217;educazione per il livello primario, psicologia o sociologia a partire dal secondo anno di studi. Se siete interessati, siete pregati di inviare la vostra candidatura al seguente indirizzo e-mail: wg-leitung@liebeswerk.org[\/vc_column_text][vc_column_text css=&#8221;.vc_custom_1668841157856{padding-top: 2% !important;padding-bottom: 2% !important;}&#8221;]<strong>CANDIDATURA SPONTANEA<br \/>\n<\/strong>Pu\u00f2 mandarci la sua richiesta di lavoro &#8211; sar\u00e1 considerata<br \/>\ndirektor@liebeswerk.org<strong><br \/>\n<\/strong>[\/vc_column_text][vc_column_text css=&#8221;.vc_custom_1652162670176{padding-top: 2% !important;padding-bottom: 2% !important;}&#8221;][\/vc_column_text][vc_column_text css=&#8221;.vc_custom_1652162686333{padding-top: 2% !important;padding-bottom: 2% !important;}&#8221;][\/vc_column_text][\/vc_column][\/vc_row]\n","protected":false},"excerpt":{"rendered":"<p>[vc_row type=&#8221;in_container&#8221; full_screen_row_position=&#8221;middle&#8221; column_margin=&#8221;default&#8221; column_direction=&#8221;default&#8221; column_direction_tablet=&#8221;default&#8221; column_direction_phone=&#8221;default&#8221; scene_position=&#8221;center&#8221; top_padding=&#8221;3%&#8221; bottom_padding=&#8221;3%&#8221; text_color=&#8221;dark&#8221; text_align=&#8221;left&#8221; row_border_radius=&#8221;none&#8221; row_border_radius_applies=&#8221;bg&#8221; row_position_desktop=&#8221;default&#8221; row_position_tablet=&#8221;inherit&#8221; row_position_phone=&#8221;inherit&#8221; overflow=&#8221;visible&#8221; advanced_gradient_angle=&#8221;0&#8243; overlay_strength=&#8221;0.3&#8243; gradient_direction=&#8221;left_to_right&#8221; shape_divider_position=&#8221;bottom&#8221; bg_image_animation=&#8221;none&#8221; gradient_type=&#8221;default&#8221; shape_type=&#8221;&#8221;][vc_column column_padding=&#8221;no-extra-padding&#8221; column_padding_tablet=&#8221;inherit&#8221; column_padding_phone=&#8221;inherit&#8221; column_padding_position=&#8221;all&#8221; flex_gap_desktop=&#8221;10px&#8221;&#8230;<\/p>\n","protected":false},"author":2,"featured_media":0,"parent":0,"menu_order":1,"comment_status":"closed","ping_status":"closed","template":"","meta":{"footnotes":""},"class_list":["post-1479","page","type-page","status-publish"],"_links":{"self":[{"href":"https:\/\/liebeswerk.org\/it\/wp-json\/wp\/v2\/pages\/1479","targetHints":{"allow":["GET"]}}],"collection":[{"href":"https:\/\/liebeswerk.org\/it\/wp-json\/wp\/v2\/pages"}],"about":[{"href":"https:\/\/liebeswerk.org\/it\/wp-json\/wp\/v2\/types\/page"}],"author":[{"embeddable":true,"href":"https:\/\/liebeswerk.org\/it\/wp-json\/wp\/v2\/users\/2"}],"replies":[{"embeddable":true,"href":"https:\/\/liebeswerk.org\/it\/wp-json\/wp\/v2\/comments?post=1479"}],"version-history":[{"count":2,"href":"https:\/\/liebeswerk.org\/it\/wp-json\/wp\/v2\/pages\/1479\/revisions"}],"predecessor-version":[{"id":5377,"href":"https:\/\/liebeswerk.org\/it\/wp-json\/wp\/v2\/pages\/1479\/revisions\/5377"}],"wp:attachment":[{"href":"https:\/\/liebeswerk.org\/it\/wp-json\/wp\/v2\/media?parent=1479"}],"curies":[{"name":"wp","href":"https:\/\/api.w.org\/{rel}","templated":true}]}}