{"id":1469,"date":"2022-06-22T09:24:58","date_gmt":"2022-06-22T07:24:58","guid":{"rendered":"http:\/\/liebeswerk.org.w019debd.kasserver.com\/testament-und-vermoegen-vererben\/"},"modified":"2022-10-21T13:20:21","modified_gmt":"2022-10-21T11:20:21","slug":"testament-und-vermoegen-vererben","status":"publish","type":"page","link":"https:\/\/liebeswerk.org\/it\/testament-und-vermoegen-vererben\/","title":{"rendered":"Lasciare in eredit\u00e0 e donare beni"},"content":{"rendered":"<p>Lasciare in eredit\u00e0 i beni: le vostre ultime volont\u00e0 sono importanti<br \/>\nCon il vostro lascito, avete l&#8217;opportunit\u00e0 di aiutare i bambini e i giovani a lungo termine, anche dopo la vostra morte, e di creare una nuova prospettiva e speranza per il futuro. Se, oltre alla vostra famiglia, volete sostenere in modo specifico i nostri progetti sociali con la vostra eredit\u00e0, state gi\u00e0 gettando le basi per un futuro migliore per i nostri minori.<br \/>\nLe vostre ultime volont\u00e0 saranno eseguite con rispetto e cura.<br \/>\nCi occuperemo anche della vostra eredit\u00e0 in modo dignitoso e di tutte le questioni personali, come lo sgombero della vostra casa, la cura della vostra tomba e molto altro ancora.<\/p>\n<p>Se siete interessati o avete domande, contattateci con fiducia:<\/p>\n<p>Direttore Alexander Santin<br \/>\nTel: 0473 204500<br \/>\ne-mail: direktor@liebeswerk.org<\/p>\n","protected":false},"excerpt":{"rendered":"<p>Lasciare in eredit\u00e0 i beni: le vostre ultime volont\u00e0 sono importanti Con il vostro lascito, avete l&#8217;opportunit\u00e0 di aiutare i bambini e i giovani a lungo termine, anche dopo la&#8230;<\/p>\n","protected":false},"author":3,"featured_media":0,"parent":0,"menu_order":0,"comment_status":"closed","ping_status":"closed","template":"","meta":{"footnotes":""},"class_list":["post-1469","page","type-page","status-publish"],"_links":{"self":[{"href":"https:\/\/liebeswerk.org\/it\/wp-json\/wp\/v2\/pages\/1469","targetHints":{"allow":["GET"]}}],"collection":[{"href":"https:\/\/liebeswerk.org\/it\/wp-json\/wp\/v2\/pages"}],"about":[{"href":"https:\/\/liebeswerk.org\/it\/wp-json\/wp\/v2\/types\/page"}],"author":[{"embeddable":true,"href":"https:\/\/liebeswerk.org\/it\/wp-json\/wp\/v2\/users\/3"}],"replies":[{"embeddable":true,"href":"https:\/\/liebeswerk.org\/it\/wp-json\/wp\/v2\/comments?post=1469"}],"version-history":[{"count":0,"href":"https:\/\/liebeswerk.org\/it\/wp-json\/wp\/v2\/pages\/1469\/revisions"}],"wp:attachment":[{"href":"https:\/\/liebeswerk.org\/it\/wp-json\/wp\/v2\/media?parent=1469"}],"curies":[{"name":"wp","href":"https:\/\/api.w.org\/{rel}","templated":true}]}}